{"id":5085,"date":"2023-12-07T16:25:44","date_gmt":"2023-12-07T14:25:44","guid":{"rendered":"https:\/\/dazoq.se\/?page_id=5085"},"modified":"2024-05-13T12:35:14","modified_gmt":"2024-05-13T10:35:14","slug":"energieffektivisering","status":"publish","type":"page","link":"https:\/\/dazoq.se\/en\/energieffektivisering\/","title":{"rendered":"Energy efficiency"},"content":{"rendered":"","protected":false},"excerpt":{"rendered":"","protected":false},"author":1,"featured_media":0,"parent":0,"menu_order":0,"comment_status":"closed","ping_status":"closed","template":"","meta":{"site-sidebar-layout":"no-sidebar","site-content-layout":"page-builder","ast-site-content-layout":"full-width-container","site-content-style":"unboxed","site-sidebar-style":"unboxed","ast-global-header-display":"","ast-banner-title-visibility":"","ast-main-header-display":"","ast-hfb-above-header-display":"","ast-hfb-below-header-display":"","ast-hfb-mobile-header-display":"","site-post-title":"disabled","ast-breadcrumbs-content":"","ast-featured-img":"disabled","footer-sml-layout":"","theme-transparent-header-meta":"","adv-header-id-meta":"","stick-header-meta":"","header-above-stick-meta":"","header-main-stick-meta":"","header-below-stick-meta":"","astra-migrate-meta-layouts":"set","ast-page-background-enabled":"default","ast-page-background-meta":{"desktop":{"background-color":"","background-image":"","background-repeat":"repeat","background-position":"center center","background-size":"auto","background-attachment":"scroll","background-type":"","background-media":"","overlay-type":"","overlay-color":"","overlay-gradient":""},"tablet":{"background-color":"","background-image":"","background-repeat":"repeat","background-position":"center center","background-size":"auto","background-attachment":"scroll","background-type":"","background-media":"","overlay-type":"","overlay-color":"","overlay-gradient":""},"mobile":{"background-color":"","background-image":"","background-repeat":"repeat","background-position":"center center","background-size":"auto","background-attachment":"scroll","background-type":"","background-media":"","overlay-type":"","overlay-color":"","overlay-gradient":""}},"ast-content-background-meta":{"desktop":{"background-color":"var(--ast-global-color-5)","background-image":"","background-repeat":"repeat","background-position":"center center","background-size":"auto","background-attachment":"scroll","background-type":"","background-media":"","overlay-type":"","overlay-color":"","overlay-gradient":""},"tablet":{"background-color":"var(--ast-global-color-5)","background-image":"","background-repeat":"repeat","background-position":"center center","background-size":"auto","background-attachment":"scroll","background-type":"","background-media":"","overlay-type":"","overlay-color":"","overlay-gradient":""},"mobile":{"background-color":"var(--ast-global-color-5)","background-image":"","background-repeat":"repeat","background-position":"center center","background-size":"auto","background-attachment":"scroll","background-type":"","background-media":"","overlay-type":"","overlay-color":"","overlay-gradient":""}},"footnotes":""},"class_list":["post-5085","page","type-page","status-publish","hentry"],"yoast_head":"<!-- This site is optimized with the Yoast SEO plugin v21.9.1 - https:\/\/yoast.com\/wordpress\/plugins\/seo\/ -->\n<title>Energieffektivisering<\/title>\n<meta name=\"description\" content=\"Energieffektivisering. Med hj\u00e4lp av v\u00e5ra tr\u00e5dl\u00f6sa energim\u00e4tare m\u00e4ter vi energif\u00f6rbrukningen f\u00f6r varje maskin i realtid.\" \/>\n<meta name=\"robots\" content=\"index, follow, max-snippet:-1, max-image-preview:large, max-video-preview:-1\" \/>\n<link rel=\"canonical\" href=\"https:\/\/dazoq.se\/en\/energieffektivisering\/\" \/>\n<meta property=\"og:locale\" content=\"en_US\" \/>\n<meta property=\"og:type\" content=\"article\" \/>\n<meta property=\"og:title\" content=\"Energieffektivisering\" \/>\n<meta property=\"og:description\" content=\"Energieffektivisering. Med hj\u00e4lp av v\u00e5ra tr\u00e5dl\u00f6sa energim\u00e4tare m\u00e4ter vi energif\u00f6rbrukningen f\u00f6r varje maskin i realtid.\" \/>\n<meta property=\"og:url\" content=\"https:\/\/dazoq.se\/en\/energieffektivisering\/\" \/>\n<meta property=\"og:site_name\" content=\"DAZOQ\" \/>\n<meta property=\"article:modified_time\" content=\"2024-05-13T10:35:14+00:00\" \/>\n<meta name=\"twitter:card\" content=\"summary_large_image\" \/>\n<script type=\"application\/ld+json\" class=\"yoast-schema-graph\">{\"@context\":\"https:\/\/schema.org\",\"@graph\":[{\"@type\":\"WebPage\",\"@id\":\"https:\/\/dazoq.se\/energieffektivisering\/\",\"url\":\"https:\/\/dazoq.se\/energieffektivisering\/\",\"name\":\"Energieffektivisering\",\"isPartOf\":{\"@id\":\"https:\/\/dazoq.se\/#website\"},\"datePublished\":\"2023-12-07T14:25:44+00:00\",\"dateModified\":\"2024-05-13T10:35:14+00:00\",\"description\":\"Energieffektivisering. Med hj\u00e4lp av v\u00e5ra tr\u00e5dl\u00f6sa energim\u00e4tare m\u00e4ter vi energif\u00f6rbrukningen f\u00f6r varje maskin i realtid.\",\"breadcrumb\":{\"@id\":\"https:\/\/dazoq.se\/energieffektivisering\/#breadcrumb\"},\"inLanguage\":\"en-US\",\"potentialAction\":[{\"@type\":\"ReadAction\",\"target\":[\"https:\/\/dazoq.se\/energieffektivisering\/\"]}]},{\"@type\":\"BreadcrumbList\",\"@id\":\"https:\/\/dazoq.se\/energieffektivisering\/#breadcrumb\",\"itemListElement\":[{\"@type\":\"ListItem\",\"position\":1,\"name\":\"Hem\",\"item\":\"https:\/\/dazoq.se\/\"},{\"@type\":\"ListItem\",\"position\":2,\"name\":\"Energieffektivisering\"}]},{\"@type\":\"WebSite\",\"@id\":\"https:\/\/dazoq.se\/#website\",\"url\":\"https:\/\/dazoq.se\/\",\"name\":\"DAZOQ\",\"description\":\"\",\"publisher\":{\"@id\":\"https:\/\/dazoq.se\/#organization\"},\"potentialAction\":[{\"@type\":\"SearchAction\",\"target\":{\"@type\":\"EntryPoint\",\"urlTemplate\":\"https:\/\/dazoq.se\/?s={search_term_string}\"},\"query-input\":\"required name=search_term_string\"}],\"inLanguage\":\"en-US\"},{\"@type\":\"Organization\",\"@id\":\"https:\/\/dazoq.se\/#organization\",\"name\":\"DAZOQ\",\"url\":\"https:\/\/dazoq.se\/\",\"logo\":{\"@type\":\"ImageObject\",\"inLanguage\":\"en-US\",\"@id\":\"https:\/\/dazoq.se\/#\/schema\/logo\/image\/\",\"url\":\"https:\/\/dazoq.se\/wp-content\/uploads\/2021\/07\/logolight.svg\",\"contentUrl\":\"https:\/\/dazoq.se\/wp-content\/uploads\/2021\/07\/logolight.svg\",\"width\":485,\"height\":163,\"caption\":\"DAZOQ\"},\"image\":{\"@id\":\"https:\/\/dazoq.se\/#\/schema\/logo\/image\/\"}}]}<\/script>\n<!-- \/ Yoast SEO plugin. -->","yoast_head_json":{"title":"Energieffektivisering","description":"Energieffektivisering. Med hj\u00e4lp av v\u00e5ra tr\u00e5dl\u00f6sa energim\u00e4tare m\u00e4ter vi energif\u00f6rbrukningen f\u00f6r varje maskin i realtid.","robots":{"index":"index","follow":"follow","max-snippet":"max-snippet:-1","max-image-preview":"max-image-preview:large","max-video-preview":"max-video-preview:-1"},"canonical":"https:\/\/dazoq.se\/en\/energieffektivisering\/","og_locale":"en_US","og_type":"article","og_title":"Energieffektivisering","og_description":"Energieffektivisering. Med hj\u00e4lp av v\u00e5ra tr\u00e5dl\u00f6sa energim\u00e4tare m\u00e4ter vi energif\u00f6rbrukningen f\u00f6r varje maskin i realtid.","og_url":"https:\/\/dazoq.se\/en\/energieffektivisering\/","og_site_name":"DAZOQ","article_modified_time":"2024-05-13T10:35:14+00:00","twitter_card":"summary_large_image","schema":{"@context":"https:\/\/schema.org","@graph":[{"@type":"WebPage","@id":"https:\/\/dazoq.se\/energieffektivisering\/","url":"https:\/\/dazoq.se\/energieffektivisering\/","name":"Energieffektivisering","isPartOf":{"@id":"https:\/\/dazoq.se\/#website"},"datePublished":"2023-12-07T14:25:44+00:00","dateModified":"2024-05-13T10:35:14+00:00","description":"Energieffektivisering. Med hj\u00e4lp av v\u00e5ra tr\u00e5dl\u00f6sa energim\u00e4tare m\u00e4ter vi energif\u00f6rbrukningen f\u00f6r varje maskin i realtid.","breadcrumb":{"@id":"https:\/\/dazoq.se\/energieffektivisering\/#breadcrumb"},"inLanguage":"en-US","potentialAction":[{"@type":"ReadAction","target":["https:\/\/dazoq.se\/energieffektivisering\/"]}]},{"@type":"BreadcrumbList","@id":"https:\/\/dazoq.se\/energieffektivisering\/#breadcrumb","itemListElement":[{"@type":"ListItem","position":1,"name":"Hem","item":"https:\/\/dazoq.se\/"},{"@type":"ListItem","position":2,"name":"Energieffektivisering"}]},{"@type":"WebSite","@id":"https:\/\/dazoq.se\/#website","url":"https:\/\/dazoq.se\/","name":"DAZOQ","description":"","publisher":{"@id":"https:\/\/dazoq.se\/#organization"},"potentialAction":[{"@type":"SearchAction","target":{"@type":"EntryPoint","urlTemplate":"https:\/\/dazoq.se\/?s={search_term_string}"},"query-input":"required name=search_term_string"}],"inLanguage":"en-US"},{"@type":"Organization","@id":"https:\/\/dazoq.se\/#organization","name":"DAZOQ","url":"https:\/\/dazoq.se\/","logo":{"@type":"ImageObject","inLanguage":"en-US","@id":"https:\/\/dazoq.se\/#\/schema\/logo\/image\/","url":"https:\/\/dazoq.se\/wp-content\/uploads\/2021\/07\/logolight.svg","contentUrl":"https:\/\/dazoq.se\/wp-content\/uploads\/2021\/07\/logolight.svg","width":485,"height":163,"caption":"DAZOQ"},"image":{"@id":"https:\/\/dazoq.se\/#\/schema\/logo\/image\/"}}]}},"_links":{"self":[{"href":"https:\/\/dazoq.se\/en\/wp-json\/wp\/v2\/pages\/5085","targetHints":{"allow":["GET"]}}],"collection":[{"href":"https:\/\/dazoq.se\/en\/wp-json\/wp\/v2\/pages"}],"about":[{"href":"https:\/\/dazoq.se\/en\/wp-json\/wp\/v2\/types\/page"}],"author":[{"embeddable":true,"href":"https:\/\/dazoq.se\/en\/wp-json\/wp\/v2\/users\/1"}],"replies":[{"embeddable":true,"href":"https:\/\/dazoq.se\/en\/wp-json\/wp\/v2\/comments?post=5085"}],"version-history":[{"count":7,"href":"https:\/\/dazoq.se\/en\/wp-json\/wp\/v2\/pages\/5085\/revisions"}],"predecessor-version":[{"id":5994,"href":"https:\/\/dazoq.se\/en\/wp-json\/wp\/v2\/pages\/5085\/revisions\/5994"}],"wp:attachment":[{"href":"https:\/\/dazoq.se\/en\/wp-json\/wp\/v2\/media?parent=5085"}],"curies":[{"name":"wp","href":"https:\/\/api.w.org\/{rel}","templated":true}]}}