{"id":5292,"date":"2023-12-21T14:54:05","date_gmt":"2023-12-21T12:54:05","guid":{"rendered":"https:\/\/dazoq.se\/?page_id=5292"},"modified":"2024-04-19T16:02:13","modified_gmt":"2024-04-19T14:02:13","slug":"csrd","status":"publish","type":"page","link":"https:\/\/dazoq.se\/en\/csrd\/","title":{"rendered":"CSRD"},"content":{"rendered":"","protected":false},"excerpt":{"rendered":"","protected":false},"author":1,"featured_media":0,"parent":0,"menu_order":0,"comment_status":"closed","ping_status":"closed","template":"","meta":{"site-sidebar-layout":"no-sidebar","site-content-layout":"page-builder","ast-site-content-layout":"full-width-container","site-content-style":"default","site-sidebar-style":"default","ast-global-header-display":"","ast-banner-title-visibility":"","ast-main-header-display":"","ast-hfb-above-header-display":"","ast-hfb-below-header-display":"","ast-hfb-mobile-header-display":"","site-post-title":"disabled","ast-breadcrumbs-content":"","ast-featured-img":"disabled","footer-sml-layout":"","theme-transparent-header-meta":"","adv-header-id-meta":"","stick-header-meta":"","header-above-stick-meta":"","header-main-stick-meta":"","header-below-stick-meta":"","astra-migrate-meta-layouts":"set","ast-page-background-enabled":"default","ast-page-background-meta":{"desktop":{"background-color":"","background-image":"","background-repeat":"repeat","background-position":"center center","background-size":"auto","background-attachment":"scroll","background-type":"","background-media":"","overlay-type":"","overlay-color":"","overlay-gradient":""},"tablet":{"background-color":"","background-image":"","background-repeat":"repeat","background-position":"center center","background-size":"auto","background-attachment":"scroll","background-type":"","background-media":"","overlay-type":"","overlay-color":"","overlay-gradient":""},"mobile":{"background-color":"","background-image":"","background-repeat":"repeat","background-position":"center center","background-size":"auto","background-attachment":"scroll","background-type":"","background-media":"","overlay-type":"","overlay-color":"","overlay-gradient":""}},"ast-content-background-meta":{"desktop":{"background-color":"var(--ast-global-color-5)","background-image":"","background-repeat":"repeat","background-position":"center center","background-size":"auto","background-attachment":"scroll","background-type":"","background-media":"","overlay-type":"","overlay-color":"","overlay-gradient":""},"tablet":{"background-color":"var(--ast-global-color-5)","background-image":"","background-repeat":"repeat","background-position":"center center","background-size":"auto","background-attachment":"scroll","background-type":"","background-media":"","overlay-type":"","overlay-color":"","overlay-gradient":""},"mobile":{"background-color":"var(--ast-global-color-5)","background-image":"","background-repeat":"repeat","background-position":"center center","background-size":"auto","background-attachment":"scroll","background-type":"","background-media":"","overlay-type":"","overlay-color":"","overlay-gradient":""}},"footnotes":""},"class_list":["post-5292","page","type-page","status-publish","hentry"],"yoast_head":"<!-- This site is optimized with the Yoast SEO plugin v21.9.1 - https:\/\/yoast.com\/wordpress\/plugins\/seo\/ -->\n<title>CSRD f\u00f6r industrier<\/title>\n<meta name=\"description\" content=\"CSRD f\u00f6r industrier. Med DAZOQ \u00e4r det enkelt att h\u00e5llbarhetsrapportera och f\u00f6rb\u00e4ttra energieffektiviseringen i er industri.\" \/>\n<meta name=\"robots\" content=\"index, follow, max-snippet:-1, max-image-preview:large, max-video-preview:-1\" \/>\n<link rel=\"canonical\" href=\"https:\/\/dazoq.se\/en\/csrd\/\" \/>\n<meta property=\"og:locale\" content=\"en_US\" \/>\n<meta property=\"og:type\" content=\"article\" \/>\n<meta property=\"og:title\" content=\"CSRD f\u00f6r industrier\" \/>\n<meta property=\"og:description\" content=\"CSRD f\u00f6r industrier. Med DAZOQ \u00e4r det enkelt att h\u00e5llbarhetsrapportera och f\u00f6rb\u00e4ttra energieffektiviseringen i er industri.\" \/>\n<meta property=\"og:url\" content=\"https:\/\/dazoq.se\/en\/csrd\/\" \/>\n<meta property=\"og:site_name\" content=\"DAZOQ\" \/>\n<meta property=\"article:modified_time\" content=\"2024-04-19T14:02:13+00:00\" \/>\n<meta name=\"twitter:card\" content=\"summary_large_image\" \/>\n<script type=\"application\/ld+json\" class=\"yoast-schema-graph\">{\"@context\":\"https:\/\/schema.org\",\"@graph\":[{\"@type\":\"WebPage\",\"@id\":\"https:\/\/dazoq.se\/csrd\/\",\"url\":\"https:\/\/dazoq.se\/csrd\/\",\"name\":\"CSRD f\u00f6r industrier\",\"isPartOf\":{\"@id\":\"https:\/\/dazoq.se\/#website\"},\"datePublished\":\"2023-12-21T12:54:05+00:00\",\"dateModified\":\"2024-04-19T14:02:13+00:00\",\"description\":\"CSRD f\u00f6r industrier. Med DAZOQ \u00e4r det enkelt att h\u00e5llbarhetsrapportera och f\u00f6rb\u00e4ttra energieffektiviseringen i er industri.\",\"breadcrumb\":{\"@id\":\"https:\/\/dazoq.se\/csrd\/#breadcrumb\"},\"inLanguage\":\"en-US\",\"potentialAction\":[{\"@type\":\"ReadAction\",\"target\":[\"https:\/\/dazoq.se\/csrd\/\"]}]},{\"@type\":\"BreadcrumbList\",\"@id\":\"https:\/\/dazoq.se\/csrd\/#breadcrumb\",\"itemListElement\":[{\"@type\":\"ListItem\",\"position\":1,\"name\":\"Hem\",\"item\":\"https:\/\/dazoq.se\/\"},{\"@type\":\"ListItem\",\"position\":2,\"name\":\"CSRD\"}]},{\"@type\":\"WebSite\",\"@id\":\"https:\/\/dazoq.se\/#website\",\"url\":\"https:\/\/dazoq.se\/\",\"name\":\"DAZOQ\",\"description\":\"\",\"publisher\":{\"@id\":\"https:\/\/dazoq.se\/#organization\"},\"potentialAction\":[{\"@type\":\"SearchAction\",\"target\":{\"@type\":\"EntryPoint\",\"urlTemplate\":\"https:\/\/dazoq.se\/?s={search_term_string}\"},\"query-input\":\"required name=search_term_string\"}],\"inLanguage\":\"en-US\"},{\"@type\":\"Organization\",\"@id\":\"https:\/\/dazoq.se\/#organization\",\"name\":\"DAZOQ\",\"url\":\"https:\/\/dazoq.se\/\",\"logo\":{\"@type\":\"ImageObject\",\"inLanguage\":\"en-US\",\"@id\":\"https:\/\/dazoq.se\/#\/schema\/logo\/image\/\",\"url\":\"https:\/\/dazoq.se\/wp-content\/uploads\/2021\/07\/logolight.svg\",\"contentUrl\":\"https:\/\/dazoq.se\/wp-content\/uploads\/2021\/07\/logolight.svg\",\"width\":485,\"height\":163,\"caption\":\"DAZOQ\"},\"image\":{\"@id\":\"https:\/\/dazoq.se\/#\/schema\/logo\/image\/\"}}]}<\/script>\n<!-- \/ Yoast SEO plugin. -->","yoast_head_json":{"title":"CSRD f\u00f6r industrier","description":"CSRD f\u00f6r industrier. Med DAZOQ \u00e4r det enkelt att h\u00e5llbarhetsrapportera och f\u00f6rb\u00e4ttra energieffektiviseringen i er industri.","robots":{"index":"index","follow":"follow","max-snippet":"max-snippet:-1","max-image-preview":"max-image-preview:large","max-video-preview":"max-video-preview:-1"},"canonical":"https:\/\/dazoq.se\/en\/csrd\/","og_locale":"en_US","og_type":"article","og_title":"CSRD f\u00f6r industrier","og_description":"CSRD f\u00f6r industrier. Med DAZOQ \u00e4r det enkelt att h\u00e5llbarhetsrapportera och f\u00f6rb\u00e4ttra energieffektiviseringen i er industri.","og_url":"https:\/\/dazoq.se\/en\/csrd\/","og_site_name":"DAZOQ","article_modified_time":"2024-04-19T14:02:13+00:00","twitter_card":"summary_large_image","schema":{"@context":"https:\/\/schema.org","@graph":[{"@type":"WebPage","@id":"https:\/\/dazoq.se\/csrd\/","url":"https:\/\/dazoq.se\/csrd\/","name":"CSRD f\u00f6r industrier","isPartOf":{"@id":"https:\/\/dazoq.se\/#website"},"datePublished":"2023-12-21T12:54:05+00:00","dateModified":"2024-04-19T14:02:13+00:00","description":"CSRD f\u00f6r industrier. Med DAZOQ \u00e4r det enkelt att h\u00e5llbarhetsrapportera och f\u00f6rb\u00e4ttra energieffektiviseringen i er industri.","breadcrumb":{"@id":"https:\/\/dazoq.se\/csrd\/#breadcrumb"},"inLanguage":"en-US","potentialAction":[{"@type":"ReadAction","target":["https:\/\/dazoq.se\/csrd\/"]}]},{"@type":"BreadcrumbList","@id":"https:\/\/dazoq.se\/csrd\/#breadcrumb","itemListElement":[{"@type":"ListItem","position":1,"name":"Hem","item":"https:\/\/dazoq.se\/"},{"@type":"ListItem","position":2,"name":"CSRD"}]},{"@type":"WebSite","@id":"https:\/\/dazoq.se\/#website","url":"https:\/\/dazoq.se\/","name":"DAZOQ","description":"","publisher":{"@id":"https:\/\/dazoq.se\/#organization"},"potentialAction":[{"@type":"SearchAction","target":{"@type":"EntryPoint","urlTemplate":"https:\/\/dazoq.se\/?s={search_term_string}"},"query-input":"required name=search_term_string"}],"inLanguage":"en-US"},{"@type":"Organization","@id":"https:\/\/dazoq.se\/#organization","name":"DAZOQ","url":"https:\/\/dazoq.se\/","logo":{"@type":"ImageObject","inLanguage":"en-US","@id":"https:\/\/dazoq.se\/#\/schema\/logo\/image\/","url":"https:\/\/dazoq.se\/wp-content\/uploads\/2021\/07\/logolight.svg","contentUrl":"https:\/\/dazoq.se\/wp-content\/uploads\/2021\/07\/logolight.svg","width":485,"height":163,"caption":"DAZOQ"},"image":{"@id":"https:\/\/dazoq.se\/#\/schema\/logo\/image\/"}}]}},"_links":{"self":[{"href":"https:\/\/dazoq.se\/en\/wp-json\/wp\/v2\/pages\/5292","targetHints":{"allow":["GET"]}}],"collection":[{"href":"https:\/\/dazoq.se\/en\/wp-json\/wp\/v2\/pages"}],"about":[{"href":"https:\/\/dazoq.se\/en\/wp-json\/wp\/v2\/types\/page"}],"author":[{"embeddable":true,"href":"https:\/\/dazoq.se\/en\/wp-json\/wp\/v2\/users\/1"}],"replies":[{"embeddable":true,"href":"https:\/\/dazoq.se\/en\/wp-json\/wp\/v2\/comments?post=5292"}],"version-history":[{"count":1,"href":"https:\/\/dazoq.se\/en\/wp-json\/wp\/v2\/pages\/5292\/revisions"}],"predecessor-version":[{"id":5293,"href":"https:\/\/dazoq.se\/en\/wp-json\/wp\/v2\/pages\/5292\/revisions\/5293"}],"wp:attachment":[{"href":"https:\/\/dazoq.se\/en\/wp-json\/wp\/v2\/media?parent=5292"}],"curies":[{"name":"wp","href":"https:\/\/api.w.org\/{rel}","templated":true}]}}