{"id":6172,"date":"2025-04-08T11:47:35","date_gmt":"2025-04-08T09:47:35","guid":{"rendered":"https:\/\/dazoq.se\/?page_id=6172"},"modified":"2025-05-19T11:34:27","modified_gmt":"2025-05-19T09:34:27","slug":"karriar","status":"publish","type":"page","link":"https:\/\/dazoq.se\/en\/karriar\/","title":{"rendered":"Karri\u00e4r"},"content":{"rendered":"<div data-elementor-type=\"wp-page\" data-elementor-id=\"6172\" class=\"elementor elementor-6172\" data-elementor-post-type=\"page\">\n\t\t\t\t\t\t\t\t\t<section class=\"elementor-section elementor-top-section elementor-element elementor-element-2f0d857 elementor-section-items-bottom elementor-section-height-min-height elementor-section-boxed elementor-section-height-default\" data-id=\"2f0d857\" data-element_type=\"section\" data-settings=\"{&quot;background_background&quot;:&quot;classic&quot;}\">\n\t\t\t\t\t\t\t<div class=\"elementor-background-overlay\"><\/div>\n\t\t\t\t\t\t\t<div class=\"elementor-container elementor-column-gap-no\">\n\t\t\t\t\t<div class=\"elementor-column elementor-col-100 elementor-top-column elementor-element elementor-element-fa007d6\" data-id=\"fa007d6\" data-element_type=\"column\">\n\t\t\t<div class=\"elementor-widget-wrap elementor-element-populated\">\n\t\t\t\t\t\t\t\t<div class=\"elementor-element elementor-element-ff454d8 elementor-widget elementor-widget-heading\" data-id=\"ff454d8\" data-element_type=\"widget\" data-widget_type=\"heading.default\">\n\t\t\t\t<div class=\"elementor-widget-container\">\n\t\t\t<style>\/*! elementor - v3.18.0 - 20-12-2023 *\/\n.elementor-heading-title{padding:0;margin:0;line-height:1}.elementor-widget-heading .elementor-heading-title[class*=elementor-size-]>a{color:inherit;font-size:inherit;line-height:inherit}.elementor-widget-heading .elementor-heading-title.elementor-size-small{font-size:15px}.elementor-widget-heading .elementor-heading-title.elementor-size-medium{font-size:19px}.elementor-widget-heading .elementor-heading-title.elementor-size-large{font-size:29px}.elementor-widget-heading .elementor-heading-title.elementor-size-xl{font-size:39px}.elementor-widget-heading .elementor-heading-title.elementor-size-xxl{font-size:59px}<\/style><h1 class=\"elementor-heading-title elementor-size-default\">Karri\u00e4r<\/h1>\t\t<\/div>\n\t\t\t\t<\/div>\n\t\t\t\t<div class=\"elementor-element elementor-element-537c37b elementor-widget-divider--view-line elementor-widget elementor-widget-divider\" data-id=\"537c37b\" data-element_type=\"widget\" data-widget_type=\"divider.default\">\n\t\t\t\t<div class=\"elementor-widget-container\">\n\t\t\t<style>\/*! elementor - v3.18.0 - 20-12-2023 *\/\n.elementor-widget-divider{--divider-border-style:none;--divider-border-width:1px;--divider-color:#0c0d0e;--divider-icon-size:20px;--divider-element-spacing:10px;--divider-pattern-height:24px;--divider-pattern-size:20px;--divider-pattern-url:none;--divider-pattern-repeat:repeat-x}.elementor-widget-divider .elementor-divider{display:flex}.elementor-widget-divider .elementor-divider__text{font-size:15px;line-height:1;max-width:95%}.elementor-widget-divider .elementor-divider__element{margin:0 var(--divider-element-spacing);flex-shrink:0}.elementor-widget-divider .elementor-icon{font-size:var(--divider-icon-size)}.elementor-widget-divider .elementor-divider-separator{display:flex;margin:0;direction:ltr}.elementor-widget-divider--view-line_icon .elementor-divider-separator,.elementor-widget-divider--view-line_text .elementor-divider-separator{align-items:center}.elementor-widget-divider--view-line_icon .elementor-divider-separator:after,.elementor-widget-divider--view-line_icon .elementor-divider-separator:before,.elementor-widget-divider--view-line_text .elementor-divider-separator:after,.elementor-widget-divider--view-line_text .elementor-divider-separator:before{display:block;content:\"\";border-bottom:0;flex-grow:1;border-top:var(--divider-border-width) var(--divider-border-style) var(--divider-color)}.elementor-widget-divider--element-align-left .elementor-divider .elementor-divider-separator>.elementor-divider__svg:first-of-type{flex-grow:0;flex-shrink:100}.elementor-widget-divider--element-align-left .elementor-divider-separator:before{content:none}.elementor-widget-divider--element-align-left .elementor-divider__element{margin-left:0}.elementor-widget-divider--element-align-right .elementor-divider .elementor-divider-separator>.elementor-divider__svg:last-of-type{flex-grow:0;flex-shrink:100}.elementor-widget-divider--element-align-right .elementor-divider-separator:after{content:none}.elementor-widget-divider--element-align-right .elementor-divider__element{margin-right:0}.elementor-widget-divider:not(.elementor-widget-divider--view-line_text):not(.elementor-widget-divider--view-line_icon) .elementor-divider-separator{border-top:var(--divider-border-width) var(--divider-border-style) var(--divider-color)}.elementor-widget-divider--separator-type-pattern{--divider-border-style:none}.elementor-widget-divider--separator-type-pattern.elementor-widget-divider--view-line .elementor-divider-separator,.elementor-widget-divider--separator-type-pattern:not(.elementor-widget-divider--view-line) .elementor-divider-separator:after,.elementor-widget-divider--separator-type-pattern:not(.elementor-widget-divider--view-line) .elementor-divider-separator:before,.elementor-widget-divider--separator-type-pattern:not([class*=elementor-widget-divider--view]) .elementor-divider-separator{width:100%;min-height:var(--divider-pattern-height);-webkit-mask-size:var(--divider-pattern-size) 100%;mask-size:var(--divider-pattern-size) 100%;-webkit-mask-repeat:var(--divider-pattern-repeat);mask-repeat:var(--divider-pattern-repeat);background-color:var(--divider-color);-webkit-mask-image:var(--divider-pattern-url);mask-image:var(--divider-pattern-url)}.elementor-widget-divider--no-spacing{--divider-pattern-size:auto}.elementor-widget-divider--bg-round{--divider-pattern-repeat:round}.rtl .elementor-widget-divider .elementor-divider__text{direction:rtl}.e-con-inner>.elementor-widget-divider,.e-con>.elementor-widget-divider{width:var(--container-widget-width,100%);--flex-grow:var(--container-widget-flex-grow)}<\/style>\t\t<div class=\"elementor-divider\">\n\t\t\t<span class=\"elementor-divider-separator\">\n\t\t\t\t\t\t<\/span>\n\t\t<\/div>\n\t\t\t\t<\/div>\n\t\t\t\t<\/div>\n\t\t\t\t\t<\/div>\n\t\t<\/div>\n\t\t\t\t\t\t\t<\/div>\n\t\t<\/section>\n\t\t\t\t<section class=\"elementor-section elementor-top-section elementor-element elementor-element-2a5d660 elementor-section-boxed elementor-section-height-default elementor-section-height-default\" data-id=\"2a5d660\" data-element_type=\"section\">\n\t\t\t\t\t\t<div class=\"elementor-container elementor-column-gap-default\">\n\t\t\t\t\t<div class=\"elementor-column elementor-col-100 elementor-top-column elementor-element elementor-element-5d034cd\" data-id=\"5d034cd\" data-element_type=\"column\">\n\t\t\t<div class=\"elementor-widget-wrap elementor-element-populated\">\n\t\t\t\t\t\t\t\t<div class=\"elementor-element elementor-element-a2b3536 elementor-widget elementor-widget-heading\" data-id=\"a2b3536\" data-element_type=\"widget\" data-widget_type=\"heading.default\">\n\t\t\t\t<div class=\"elementor-widget-container\">\n\t\t\t<h4 class=\"elementor-heading-title elementor-size-default\">Vi bygger framtidens smarta energil\u00f6sningar \u2013 vill du vara med?<\/h4>\t\t<\/div>\n\t\t\t\t<\/div>\n\t\t\t\t\t<\/div>\n\t\t<\/div>\n\t\t\t\t\t\t\t<\/div>\n\t\t<\/section>\n\t\t\t\t<section class=\"elementor-section elementor-top-section elementor-element elementor-element-00cc664 elementor-section-boxed elementor-section-height-default elementor-section-height-default\" data-id=\"00cc664\" data-element_type=\"section\">\n\t\t\t\t\t\t<div class=\"elementor-container elementor-column-gap-default\">\n\t\t\t\t\t<div class=\"elementor-column elementor-col-33 elementor-top-column elementor-element elementor-element-72ab511\" data-id=\"72ab511\" data-element_type=\"column\">\n\t\t\t<div class=\"elementor-widget-wrap\">\n\t\t\t\t\t\t\t\t\t<\/div>\n\t\t<\/div>\n\t\t\t\t<div class=\"elementor-column elementor-col-33 elementor-top-column elementor-element elementor-element-589a078\" data-id=\"589a078\" data-element_type=\"column\">\n\t\t\t<div class=\"elementor-widget-wrap elementor-element-populated\">\n\t\t\t\t\t\t\t\t<div class=\"elementor-element elementor-element-fabb556 elementor-widget elementor-widget-heading\" data-id=\"fabb556\" data-element_type=\"widget\" data-widget_type=\"heading.default\">\n\t\t\t\t<div class=\"elementor-widget-container\">\n\t\t\t<h5 class=\"elementor-heading-title elementor-size-default\"><p data-start=\"375\" data-end=\"580\">DAZOQ \u00e4r en snabbv\u00e4xande startup som hj\u00e4lper industrif\u00f6retag att bli mer energieffektiva. Nu letar vi efter fler nyfikna, drivna och l\u00f6sningsorienterade personer som vill vara med p\u00e5 resan. <br><br>Hittar du inte din roll? Vi \u00e4r alltid nyfikna p\u00e5 bra m\u00e4nniskor. H\u00f6r av dig \u00e4nd\u00e5 \u2013 ibland vet man inte vad man beh\u00f6ver f\u00f6rr\u00e4n r\u00e4tt person dyker upp.<\/p><p data-start=\"1637\" data-end=\"1727\">\ud83d\udc49 <strong data-start=\"1640\" data-end=\"1727\">Skicka ett mail till <a data-start=\"1663\" data-end=\"1702\" rel=\"noopener\">career@dazoq.se<\/a> och ber\u00e4tta vem du \u00e4r!<\/strong><\/p><p><\/p><\/h5>\t\t<\/div>\n\t\t\t\t<\/div>\n\t\t\t\t\t<\/div>\n\t\t<\/div>\n\t\t\t\t<div class=\"elementor-column elementor-col-33 elementor-top-column elementor-element elementor-element-fac6f07\" data-id=\"fac6f07\" data-element_type=\"column\">\n\t\t\t<div class=\"elementor-widget-wrap\">\n\t\t\t\t\t\t\t\t\t<\/div>\n\t\t<\/div>\n\t\t\t\t\t\t\t<\/div>\n\t\t<\/section>\n\t\t\t\t<section class=\"elementor-section elementor-top-section elementor-element elementor-element-7cb6ebc elementor-section-boxed elementor-section-height-default elementor-section-height-default\" data-id=\"7cb6ebc\" data-element_type=\"section\">\n\t\t\t\t\t\t<div class=\"elementor-container elementor-column-gap-default\">\n\t\t\t\t\t<div class=\"elementor-column elementor-col-100 elementor-top-column elementor-element elementor-element-8b0c017\" data-id=\"8b0c017\" data-element_type=\"column\">\n\t\t\t<div class=\"elementor-widget-wrap elementor-element-populated\">\n\t\t\t\t\t\t\t\t<div class=\"elementor-element elementor-element-96cf4a0 elementor-widget elementor-widget-heading\" data-id=\"96cf4a0\" data-element_type=\"widget\" data-widget_type=\"heading.default\">\n\t\t\t\t<div class=\"elementor-widget-container\">\n\t\t\t<h2 class=\"elementor-heading-title elementor-size-default\">\u00d6ppna tj\u00e4nster<\/h2>\t\t<\/div>\n\t\t\t\t<\/div>\n\t\t\t\t\t<\/div>\n\t\t<\/div>\n\t\t\t\t\t\t\t<\/div>\n\t\t<\/section>\n\t\t\t\t<section class=\"elementor-section elementor-top-section elementor-element elementor-element-9c2b3f0 elementor-section-boxed elementor-section-height-default elementor-section-height-default\" data-id=\"9c2b3f0\" data-element_type=\"section\">\n\t\t\t\t\t\t<div class=\"elementor-container elementor-column-gap-default\">\n\t\t\t\t\t<div class=\"elementor-column elementor-col-33 elementor-top-column elementor-element elementor-element-6976322\" data-id=\"6976322\" data-element_type=\"column\">\n\t\t\t<div class=\"elementor-widget-wrap\">\n\t\t\t\t\t\t\t\t\t<\/div>\n\t\t<\/div>\n\t\t\t\t<div class=\"elementor-column elementor-col-33 elementor-top-column elementor-element elementor-element-037953b\" data-id=\"037953b\" data-element_type=\"column\">\n\t\t\t<div class=\"elementor-widget-wrap\">\n\t\t\t\t\t\t\t\t\t<\/div>\n\t\t<\/div>\n\t\t\t\t<div class=\"elementor-column elementor-col-33 elementor-top-column elementor-element elementor-element-596ff29\" data-id=\"596ff29\" data-element_type=\"column\">\n\t\t\t<div class=\"elementor-widget-wrap\">\n\t\t\t\t\t\t\t\t\t<\/div>\n\t\t<\/div>\n\t\t\t\t\t\t\t<\/div>\n\t\t<\/section>\n\t\t\t\t\t\t\t<\/div>","protected":false},"excerpt":{"rendered":"<p>Karri\u00e4r Vi bygger framtidens smarta energil\u00f6sningar \u2013 vill du vara med? DAZOQ \u00e4r en snabbv\u00e4xande startup som hj\u00e4lper industrif\u00f6retag att bli mer energieffektiva. Nu letar vi efter fler nyfikna, drivna och l\u00f6sningsorienterade personer som vill vara med p\u00e5 resan. Hittar du inte din roll? Vi \u00e4r alltid nyfikna p\u00e5 bra m\u00e4nniskor. H\u00f6r av dig \u00e4nd\u00e5 &hellip;<\/p>\n<p class=\"read-more\"> <a class=\"\" href=\"https:\/\/dazoq.se\/en\/karriar\/\"> <span class=\"screen-reader-text\">Karri\u00e4r<\/span> Read More &raquo;<\/a><\/p>","protected":false},"author":1,"featured_media":0,"parent":0,"menu_order":0,"comment_status":"closed","ping_status":"closed","template":"","meta":{"site-sidebar-layout":"no-sidebar","site-content-layout":"page-builder","ast-site-content-layout":"full-width-container","site-content-style":"default","site-sidebar-style":"default","ast-global-header-display":"","ast-banner-title-visibility":"","ast-main-header-display":"","ast-hfb-above-header-display":"","ast-hfb-below-header-display":"","ast-hfb-mobile-header-display":"","site-post-title":"disabled","ast-breadcrumbs-content":"","ast-featured-img":"disabled","footer-sml-layout":"","theme-transparent-header-meta":"","adv-header-id-meta":"","stick-header-meta":"","header-above-stick-meta":"","header-main-stick-meta":"","header-below-stick-meta":"","astra-migrate-meta-layouts":"set","ast-page-background-enabled":"default","ast-page-background-meta":{"desktop":{"background-color":"","background-image":"","background-repeat":"repeat","background-position":"center center","background-size":"auto","background-attachment":"scroll","background-type":"","background-media":"","overlay-type":"","overlay-color":"","overlay-gradient":""},"tablet":{"background-color":"","background-image":"","background-repeat":"repeat","background-position":"center center","background-size":"auto","background-attachment":"scroll","background-type":"","background-media":"","overlay-type":"","overlay-color":"","overlay-gradient":""},"mobile":{"background-color":"","background-image":"","background-repeat":"repeat","background-position":"center center","background-size":"auto","background-attachment":"scroll","background-type":"","background-media":"","overlay-type":"","overlay-color":"","overlay-gradient":""}},"ast-content-background-meta":{"desktop":{"background-color":"var(--ast-global-color-5)","background-image":"","background-repeat":"repeat","background-position":"center center","background-size":"auto","background-attachment":"scroll","background-type":"","background-media":"","overlay-type":"","overlay-color":"","overlay-gradient":""},"tablet":{"background-color":"var(--ast-global-color-5)","background-image":"","background-repeat":"repeat","background-position":"center center","background-size":"auto","background-attachment":"scroll","background-type":"","background-media":"","overlay-type":"","overlay-color":"","overlay-gradient":""},"mobile":{"background-color":"var(--ast-global-color-5)","background-image":"","background-repeat":"repeat","background-position":"center center","background-size":"auto","background-attachment":"scroll","background-type":"","background-media":"","overlay-type":"","overlay-color":"","overlay-gradient":""}},"footnotes":""},"class_list":["post-6172","page","type-page","status-publish","hentry"],"yoast_head":"<!-- This site is optimized with the Yoast SEO plugin v21.9.1 - https:\/\/yoast.com\/wordpress\/plugins\/seo\/ -->\n<title>Karri\u00e4r - DAZOQ<\/title>\n<meta name=\"robots\" content=\"index, follow, max-snippet:-1, max-image-preview:large, max-video-preview:-1\" \/>\n<link rel=\"canonical\" href=\"https:\/\/dazoq.se\/en\/karriar\/\" \/>\n<meta property=\"og:locale\" content=\"en_US\" \/>\n<meta property=\"og:type\" content=\"article\" \/>\n<meta property=\"og:title\" content=\"Karri\u00e4r - DAZOQ\" \/>\n<meta property=\"og:description\" content=\"Karri\u00e4r Vi bygger framtidens smarta energil\u00f6sningar \u2013 vill du vara med? DAZOQ \u00e4r en snabbv\u00e4xande startup som hj\u00e4lper industrif\u00f6retag att bli mer energieffektiva. Nu letar vi efter fler nyfikna, drivna och l\u00f6sningsorienterade personer som vill vara med p\u00e5 resan. Hittar du inte din roll? Vi \u00e4r alltid nyfikna p\u00e5 bra m\u00e4nniskor. H\u00f6r av dig \u00e4nd\u00e5 &hellip; Karri\u00e4r Read More &raquo;\" \/>\n<meta property=\"og:url\" content=\"https:\/\/dazoq.se\/en\/karriar\/\" \/>\n<meta property=\"og:site_name\" content=\"DAZOQ\" \/>\n<meta property=\"article:modified_time\" content=\"2025-05-19T09:34:27+00:00\" \/>\n<meta name=\"twitter:card\" content=\"summary_large_image\" \/>\n<meta name=\"twitter:label1\" content=\"Est. reading time\" \/>\n\t<meta name=\"twitter:data1\" content=\"1 minute\" \/>\n<script type=\"application\/ld+json\" class=\"yoast-schema-graph\">{\"@context\":\"https:\/\/schema.org\",\"@graph\":[{\"@type\":\"WebPage\",\"@id\":\"https:\/\/dazoq.se\/karriar\/\",\"url\":\"https:\/\/dazoq.se\/karriar\/\",\"name\":\"Karri\u00e4r - DAZOQ\",\"isPartOf\":{\"@id\":\"https:\/\/dazoq.se\/#website\"},\"datePublished\":\"2025-04-08T09:47:35+00:00\",\"dateModified\":\"2025-05-19T09:34:27+00:00\",\"breadcrumb\":{\"@id\":\"https:\/\/dazoq.se\/karriar\/#breadcrumb\"},\"inLanguage\":\"en-US\",\"potentialAction\":[{\"@type\":\"ReadAction\",\"target\":[\"https:\/\/dazoq.se\/karriar\/\"]}]},{\"@type\":\"BreadcrumbList\",\"@id\":\"https:\/\/dazoq.se\/karriar\/#breadcrumb\",\"itemListElement\":[{\"@type\":\"ListItem\",\"position\":1,\"name\":\"Hem\",\"item\":\"https:\/\/dazoq.se\/\"},{\"@type\":\"ListItem\",\"position\":2,\"name\":\"Karri\u00e4r\"}]},{\"@type\":\"WebSite\",\"@id\":\"https:\/\/dazoq.se\/#website\",\"url\":\"https:\/\/dazoq.se\/\",\"name\":\"DAZOQ\",\"description\":\"\",\"publisher\":{\"@id\":\"https:\/\/dazoq.se\/#organization\"},\"potentialAction\":[{\"@type\":\"SearchAction\",\"target\":{\"@type\":\"EntryPoint\",\"urlTemplate\":\"https:\/\/dazoq.se\/?s={search_term_string}\"},\"query-input\":\"required name=search_term_string\"}],\"inLanguage\":\"en-US\"},{\"@type\":\"Organization\",\"@id\":\"https:\/\/dazoq.se\/#organization\",\"name\":\"DAZOQ\",\"url\":\"https:\/\/dazoq.se\/\",\"logo\":{\"@type\":\"ImageObject\",\"inLanguage\":\"en-US\",\"@id\":\"https:\/\/dazoq.se\/#\/schema\/logo\/image\/\",\"url\":\"https:\/\/dazoq.se\/wp-content\/uploads\/2021\/07\/logolight.svg\",\"contentUrl\":\"https:\/\/dazoq.se\/wp-content\/uploads\/2021\/07\/logolight.svg\",\"width\":485,\"height\":163,\"caption\":\"DAZOQ\"},\"image\":{\"@id\":\"https:\/\/dazoq.se\/#\/schema\/logo\/image\/\"}}]}<\/script>\n<!-- \/ Yoast SEO plugin. -->","yoast_head_json":{"title":"Karri\u00e4r - DAZOQ","robots":{"index":"index","follow":"follow","max-snippet":"max-snippet:-1","max-image-preview":"max-image-preview:large","max-video-preview":"max-video-preview:-1"},"canonical":"https:\/\/dazoq.se\/en\/karriar\/","og_locale":"en_US","og_type":"article","og_title":"Karri\u00e4r - DAZOQ","og_description":"Karri\u00e4r Vi bygger framtidens smarta energil\u00f6sningar \u2013 vill du vara med? DAZOQ \u00e4r en snabbv\u00e4xande startup som hj\u00e4lper industrif\u00f6retag att bli mer energieffektiva. Nu letar vi efter fler nyfikna, drivna och l\u00f6sningsorienterade personer som vill vara med p\u00e5 resan. Hittar du inte din roll? Vi \u00e4r alltid nyfikna p\u00e5 bra m\u00e4nniskor. H\u00f6r av dig \u00e4nd\u00e5 &hellip; Karri\u00e4r Read More &raquo;","og_url":"https:\/\/dazoq.se\/en\/karriar\/","og_site_name":"DAZOQ","article_modified_time":"2025-05-19T09:34:27+00:00","twitter_card":"summary_large_image","twitter_misc":{"Est. reading time":"1 minute"},"schema":{"@context":"https:\/\/schema.org","@graph":[{"@type":"WebPage","@id":"https:\/\/dazoq.se\/karriar\/","url":"https:\/\/dazoq.se\/karriar\/","name":"Karri\u00e4r - DAZOQ","isPartOf":{"@id":"https:\/\/dazoq.se\/#website"},"datePublished":"2025-04-08T09:47:35+00:00","dateModified":"2025-05-19T09:34:27+00:00","breadcrumb":{"@id":"https:\/\/dazoq.se\/karriar\/#breadcrumb"},"inLanguage":"en-US","potentialAction":[{"@type":"ReadAction","target":["https:\/\/dazoq.se\/karriar\/"]}]},{"@type":"BreadcrumbList","@id":"https:\/\/dazoq.se\/karriar\/#breadcrumb","itemListElement":[{"@type":"ListItem","position":1,"name":"Hem","item":"https:\/\/dazoq.se\/"},{"@type":"ListItem","position":2,"name":"Karri\u00e4r"}]},{"@type":"WebSite","@id":"https:\/\/dazoq.se\/#website","url":"https:\/\/dazoq.se\/","name":"DAZOQ","description":"","publisher":{"@id":"https:\/\/dazoq.se\/#organization"},"potentialAction":[{"@type":"SearchAction","target":{"@type":"EntryPoint","urlTemplate":"https:\/\/dazoq.se\/?s={search_term_string}"},"query-input":"required name=search_term_string"}],"inLanguage":"en-US"},{"@type":"Organization","@id":"https:\/\/dazoq.se\/#organization","name":"DAZOQ","url":"https:\/\/dazoq.se\/","logo":{"@type":"ImageObject","inLanguage":"en-US","@id":"https:\/\/dazoq.se\/#\/schema\/logo\/image\/","url":"https:\/\/dazoq.se\/wp-content\/uploads\/2021\/07\/logolight.svg","contentUrl":"https:\/\/dazoq.se\/wp-content\/uploads\/2021\/07\/logolight.svg","width":485,"height":163,"caption":"DAZOQ"},"image":{"@id":"https:\/\/dazoq.se\/#\/schema\/logo\/image\/"}}]}},"_links":{"self":[{"href":"https:\/\/dazoq.se\/en\/wp-json\/wp\/v2\/pages\/6172","targetHints":{"allow":["GET"]}}],"collection":[{"href":"https:\/\/dazoq.se\/en\/wp-json\/wp\/v2\/pages"}],"about":[{"href":"https:\/\/dazoq.se\/en\/wp-json\/wp\/v2\/types\/page"}],"author":[{"embeddable":true,"href":"https:\/\/dazoq.se\/en\/wp-json\/wp\/v2\/users\/1"}],"replies":[{"embeddable":true,"href":"https:\/\/dazoq.se\/en\/wp-json\/wp\/v2\/comments?post=6172"}],"version-history":[{"count":17,"href":"https:\/\/dazoq.se\/en\/wp-json\/wp\/v2\/pages\/6172\/revisions"}],"predecessor-version":[{"id":6228,"href":"https:\/\/dazoq.se\/en\/wp-json\/wp\/v2\/pages\/6172\/revisions\/6228"}],"wp:attachment":[{"href":"https:\/\/dazoq.se\/en\/wp-json\/wp\/v2\/media?parent=6172"}],"curies":[{"name":"wp","href":"https:\/\/api.w.org\/{rel}","templated":true}]}}